{"id":1538,"date":"2023-02-04T18:08:40","date_gmt":"2023-02-04T18:08:40","guid":{"rendered":"https:\/\/lespritdespatios.com\/room-suites\/superior-double-room\/"},"modified":"2023-05-31T18:02:27","modified_gmt":"2023-05-31T18:02:27","slug":"superior-double-room","status":"publish","type":"page","link":"https:\/\/lespritdespatios.com\/fr\/room-suites\/superior-double-room\/","title":{"rendered":"Chambre Double Sup\u00e9rieure"},"content":{"rendered":"\t\t<div data-elementor-type=\"wp-page\" data-elementor-id=\"1538\" class=\"elementor elementor-1538 elementor-418\">\n\t\t\t\t\t\t<div class=\"elementor-inner\">\n\t\t\t\t<div class=\"elementor-section-wrap\">\n\t\t\t\t\t\t\t\t\t<section class=\"elementor-section elementor-top-section elementor-element elementor-element-c9c8599 elementor-section-full_width elementor-section-content-top elementor-section-height-min-height elementor-section-items-top elementor-section-height-default\" data-id=\"c9c8599\" data-element_type=\"section\">\n\t\t\t\t\t\t<div class=\"elementor-container elementor-column-gap-default\">\n\t\t\t\t\t\t\t<div class=\"elementor-row\">\n\t\t\t\t\t<div class=\"elementor-column elementor-col-66 elementor-top-column elementor-element elementor-element-148c8ee\" data-id=\"148c8ee\" data-element_type=\"column\" data-settings=\"{&quot;background_background&quot;:&quot;slideshow&quot;,&quot;background_slideshow_gallery&quot;:[{&quot;id&quot;:1235,&quot;url&quot;:&quot;http:\\\/\\\/lespritdespatios.com\\\/wp-content\\\/uploads\\\/2023\\\/05\\\/Standard_Double_01.webp&quot;},{&quot;id&quot;:1237,&quot;url&quot;:&quot;http:\\\/\\\/lespritdespatios.com\\\/wp-content\\\/uploads\\\/2023\\\/05\\\/Standard_Double_02.webp&quot;},{&quot;id&quot;:1239,&quot;url&quot;:&quot;http:\\\/\\\/lespritdespatios.com\\\/wp-content\\\/uploads\\\/2023\\\/05\\\/Standard_Double_03.webp&quot;},{&quot;id&quot;:1241,&quot;url&quot;:&quot;http:\\\/\\\/lespritdespatios.com\\\/wp-content\\\/uploads\\\/2023\\\/05\\\/Standard_Double_04.webp&quot;},{&quot;id&quot;:1243,&quot;url&quot;:&quot;http:\\\/\\\/lespritdespatios.com\\\/wp-content\\\/uploads\\\/2023\\\/05\\\/Standard_Double_05.webp&quot;},{&quot;id&quot;:1248,&quot;url&quot;:&quot;http:\\\/\\\/lespritdespatios.com\\\/wp-content\\\/uploads\\\/2023\\\/05\\\/Standard_Double_06.webp&quot;},{&quot;id&quot;:1250,&quot;url&quot;:&quot;http:\\\/\\\/lespritdespatios.com\\\/wp-content\\\/uploads\\\/2023\\\/05\\\/Standard_Double_07.webp&quot;}],&quot;background_slideshow_loop&quot;:&quot;yes&quot;,&quot;background_slideshow_slide_duration&quot;:5000,&quot;background_slideshow_slide_transition&quot;:&quot;fade&quot;,&quot;background_slideshow_transition_duration&quot;:500}\">\n\t\t\t<div class=\"elementor-column-wrap elementor-element-populated\">\n\t\t\t\t\t\t\t<div class=\"elementor-widget-wrap\">\n\t\t\t\t\t\t<div class=\"elementor-element elementor-element-7b5c2a6a elementor-widget elementor-widget-spacer\" data-id=\"7b5c2a6a\" data-element_type=\"widget\" data-widget_type=\"spacer.default\">\n\t\t\t\t<div class=\"elementor-widget-container\">\n\t\t\t\t\t<div class=\"elementor-spacer\">\n\t\t\t<div class=\"elementor-spacer-inner\"><\/div>\n\t\t<\/div>\n\t\t\t\t<\/div>\n\t\t\t\t<\/div>\n\t\t\t\t\t\t<\/div>\n\t\t\t\t\t<\/div>\n\t\t<\/div>\n\t\t\t\t<div class=\"elementor-column elementor-col-33 elementor-top-column elementor-element elementor-element-443a3a4c\" data-id=\"443a3a4c\" data-element_type=\"column\">\n\t\t\t<div class=\"elementor-column-wrap elementor-element-populated\">\n\t\t\t\t\t\t\t<div class=\"elementor-widget-wrap\">\n\t\t\t\t\t\t<section class=\"elementor-section elementor-inner-section elementor-element elementor-element-7af2a1c1 elementor-section-height-min-height elementor-hidden-mobile elementor-section-boxed elementor-section-height-default\" data-id=\"7af2a1c1\" data-element_type=\"section\" data-settings=\"{&quot;background_background&quot;:&quot;classic&quot;}\">\n\t\t\t\t\t\t<div class=\"elementor-container elementor-column-gap-default\">\n\t\t\t\t\t\t\t<div class=\"elementor-row\">\n\t\t\t\t\t<div class=\"elementor-column elementor-col-100 elementor-inner-column elementor-element elementor-element-5704ebf9\" data-id=\"5704ebf9\" data-element_type=\"column\">\n\t\t\t<div class=\"elementor-column-wrap elementor-element-populated\">\n\t\t\t\t\t\t\t<div class=\"elementor-widget-wrap\">\n\t\t\t\t\t\t<div class=\"elementor-element elementor-element-11a35d64 elementor-widget elementor-widget-heading\" data-id=\"11a35d64\" data-element_type=\"widget\" data-widget_type=\"heading.default\">\n\t\t\t\t<div class=\"elementor-widget-container\">\n\t\t\t<h2 class=\"elementor-heading-title elementor-size-default\">V\u00e9rifiez la disponibilit\u00e9\n<\/h2>\t\t<\/div>\n\t\t\t\t<\/div>\n\t\t\t\t<div class=\"elementor-element elementor-element-3e9b8558 elementor-widget elementor-widget-html\" data-id=\"3e9b8558\" data-element_type=\"widget\" data-widget_type=\"html.default\">\n\t\t\t\t<div class=\"elementor-widget-container\">\n\t\t\t\n<style>.form-col:not(:first-child){\n width: 100%;\n margin-top: 7%;\n}\n\n.bookingForm input{\n    width: 100%;\n    height: 55px;\n    background: transparent;\n    border: 1px solid #8F8E8B;\n    border-radius: 0px;\n    color: #8F8E8B;\n    font-weight: 300;\n    padding: 0 5px;\n}\n\n#book-btn{\n    width: 100%;\n    height: 55px;\n    border: 1px solid #8F8E8B;\n    background: transparent;\n    color: #677D8C;\n    font-weight: 500;\n    text-transform: uppercase;\n    font-size: 12px;\n    letter-spacing: 1px;\n    border-radius: 0px;\n}\n\n#book-btn:hover{\n    background: #3E9189;\n    border-color: #3E9189;\n    color: #fff;\n}\n\n.bookingForm label{\n    font-size: 12px;\n    text-transform: uppercase;\n    letter-spacing: 2px;\n}\n\n\n<\/style><div class=\"bookingForm\"><div class=\"form-row\"><div class=\"form-col\"><label>DATE D'ARRIV\u00c9E<br><input type=\"date\" id=\"start-date\" name=\"start-date\"><\/label><\/div><div class=\"form-col\"><label>DATE DE D\u00c9PART<br><input type=\"date\" id=\"end-date\" name=\"end-date\"><\/label><\/div><div class=\"form-col\"><label>CODE PROMO<input type=\"text\" placeholder=\"Saisir votre code...\" id=\"promo-code\" name=\"promo-code\"><\/label><\/div><div class=\"form-col\"><button type=\"button\" id=\"book-btn\">R\u00c9SERVER \u2192<\/button><\/div><\/div><\/div>\t\t<\/div>\n\t\t\t\t<\/div>\n\t\t\t\t\t\t<\/div>\n\t\t\t\t\t<\/div>\n\t\t<\/div>\n\t\t\t\t\t\t\t\t<\/div>\n\t\t\t\t\t<\/div>\n\t\t<\/section>\n\t\t\t\t<div class=\"elementor-element elementor-element-349bb86d elementor-widget__width-auto open-searchbox-01 elementor-mobile-align-justify elementor-widget-mobile__width-inherit elementor-hidden-desktop elementor-hidden-tablet elementor-widget elementor-widget-button\" data-id=\"349bb86d\" data-element_type=\"widget\" data-widget_type=\"button.default\">\n\t\t\t\t<div class=\"elementor-widget-container\">\n\t\t\t\t\t<div class=\"elementor-button-wrapper\">\n\t\t\t<a href=\"#\" class=\"elementor-button-link elementor-button elementor-size-md\" role=\"button\">\n\t\t\t\t\t\t<span class=\"elementor-button-content-wrapper\">\n\t\t\t\t\t\t<span class=\"elementor-button-text\">BOOK Now \u2192<\/span>\n\t\t<\/span>\n\t\t\t\t\t<\/a>\n\t\t<\/div>\n\t\t\t\t<\/div>\n\t\t\t\t<\/div>\n\t\t\t\t\t\t<\/div>\n\t\t\t\t\t<\/div>\n\t\t<\/div>\n\t\t\t\t\t\t\t\t<\/div>\n\t\t\t\t\t<\/div>\n\t\t<\/section>\n\t\t\t\t<section class=\"elementor-section elementor-top-section elementor-element elementor-element-419f5237 elementor-section-full_width elementor-section-height-default elementor-section-height-default\" data-id=\"419f5237\" data-element_type=\"section\">\n\t\t\t\t\t\t<div class=\"elementor-container elementor-column-gap-default\">\n\t\t\t\t\t\t\t<div class=\"elementor-row\">\n\t\t\t\t\t<div class=\"elementor-column elementor-col-100 elementor-top-column elementor-element elementor-element-33a49dd4\" data-id=\"33a49dd4\" data-element_type=\"column\">\n\t\t\t<div class=\"elementor-column-wrap elementor-element-populated\">\n\t\t\t\t\t\t\t<div class=\"elementor-widget-wrap\">\n\t\t\t\t\t\t<div class=\"elementor-element elementor-element-b1a6d3e elementor-widget elementor-widget-text-editor\" data-id=\"b1a6d3e\" data-element_type=\"widget\" data-widget_type=\"text-editor.default\">\n\t\t\t\t<div class=\"elementor-widget-container\">\n\t\t\t\t\t\t\t\t<div class=\"elementor-text-editor elementor-clearfix\">\n\t\t\t\t<div class=\"flex flex-grow flex-col gap-3\">\n<div class=\"min-h-[20px] flex flex-col items-start gap-4 whitespace-pre-wrap break-words\">\n<div class=\"markdown prose w-full break-words dark:prose-invert light\">\n<p>Nos chambres doubles, \u00e9l\u00e9gamment nich\u00e9es au rez-de-chauss\u00e9e ou \u00e0 l&rsquo;\u00e9tage, sont toutes \u00e9quip\u00e9es d&rsquo;un luxueux et confortable lit double de 180 cm. Ces chambres, qui s&rsquo;ouvrent gracieusement sur le patio tranquille, offrent une atmosph\u00e8re de s\u00e9r\u00e9nit\u00e9 aux h\u00f4tes pour se d\u00e9tendre et se relaxer. Pour ajouter au confort exclusif de la chambre, une salle de bains priv\u00e9e, bien \u00e9quip\u00e9e avec une douche rafra\u00eechissante, offre un espace intime pour le repos et le rajeunissement.<\/p><p><br><\/p>\n<p><strong style=\"font-size: inherit;\">Type:<\/strong><span style=\"font-size: inherit;\"> Double Sup\u00e9rieure&nbsp;<\/span><em style=\"font-size: inherit;\">(22m\u00b2)<br><\/em><strong style=\"font-size: inherit;\">Capacit\u00e9<\/strong><span style=\"font-size: inherit;\">: 2 personnes <\/span><em style=\"font-size: inherit;\">(1 lit queen size<\/em><em style=\"font-size: inherit;\">)<\/em><\/p>\n<\/div>\n<\/div>\n<\/div>\t\t\t\t\t<\/div>\n\t\t\t\t\t\t<\/div>\n\t\t\t\t<\/div>\n\t\t\t\t<div class=\"elementor-element elementor-element-21ae9a06 elementor-widget-divider--view-line elementor-widget elementor-widget-divider\" data-id=\"21ae9a06\" data-element_type=\"widget\" data-widget_type=\"divider.default\">\n\t\t\t\t<div class=\"elementor-widget-container\">\n\t\t\t\t\t<div class=\"elementor-divider\">\n\t\t\t<span class=\"elementor-divider-separator\">\n\t\t\t\t\t\t<\/span>\n\t\t<\/div>\n\t\t\t\t<\/div>\n\t\t\t\t<\/div>\n\t\t\t\t<section class=\"elementor-section elementor-inner-section elementor-element elementor-element-455bff2d elementor-section-full_width elementor-section-height-default elementor-section-height-default\" data-id=\"455bff2d\" data-element_type=\"section\">\n\t\t\t\t\t\t<div class=\"elementor-container elementor-column-gap-default\">\n\t\t\t\t\t\t\t<div class=\"elementor-row\">\n\t\t\t\t\t<div class=\"elementor-column elementor-col-50 elementor-inner-column elementor-element elementor-element-15b8def4\" data-id=\"15b8def4\" data-element_type=\"column\">\n\t\t\t<div class=\"elementor-column-wrap elementor-element-populated\">\n\t\t\t\t\t\t\t<div class=\"elementor-widget-wrap\">\n\t\t\t\t\t\t<div class=\"elementor-element elementor-element-234fc4b1 elementor-align-left elementor-icon-list--layout-traditional elementor-list-item-link-full_width elementor-widget elementor-widget-icon-list\" data-id=\"234fc4b1\" data-element_type=\"widget\" data-widget_type=\"icon-list.default\">\n\t\t\t\t<div class=\"elementor-widget-container\">\n\t\t\t\t\t<ul class=\"elementor-icon-list-items\">\n\t\t\t\t\t\t\t<li class=\"elementor-icon-list-item\">\n\t\t\t\t\t\t\t\t\t\t\t<span class=\"elementor-icon-list-icon\">\n\t\t\t\t\t\t\t<i aria-hidden=\"true\" class=\"fas fa-hotel\"><\/i>\t\t\t\t\t\t<\/span>\n\t\t\t\t\t\t\t\t\t\t<span class=\"elementor-icon-list-text\">Produits d'accueil<\/span>\n\t\t\t\t\t\t\t\t\t<\/li>\n\t\t\t\t\t\t\t\t<li class=\"elementor-icon-list-item\">\n\t\t\t\t\t\t\t\t\t\t\t<span class=\"elementor-icon-list-icon\">\n\t\t\t\t\t\t\t<i aria-hidden=\"true\" class=\"fas fa-wifi\"><\/i>\t\t\t\t\t\t<\/span>\n\t\t\t\t\t\t\t\t\t\t<span class=\"elementor-icon-list-text\">Acc\u00e8s Wifi<\/span>\n\t\t\t\t\t\t\t\t\t<\/li>\n\t\t\t\t\t\t\t\t<li class=\"elementor-icon-list-item\">\n\t\t\t\t\t\t\t\t\t\t\t<span class=\"elementor-icon-list-icon\">\n\t\t\t\t\t\t\t<i aria-hidden=\"true\" class=\"fas fa-wind\"><\/i>\t\t\t\t\t\t<\/span>\n\t\t\t\t\t\t\t\t\t\t<span class=\"elementor-icon-list-text\">Climatisation r\u00e9versible<\/span>\n\t\t\t\t\t\t\t\t\t<\/li>\n\t\t\t\t\t\t\t\t<li class=\"elementor-icon-list-item\">\n\t\t\t\t\t\t\t\t\t\t\t<span class=\"elementor-icon-list-icon\">\n\t\t\t\t\t\t\t<i aria-hidden=\"true\" class=\"fas fa-lock\"><\/i>\t\t\t\t\t\t<\/span>\n\t\t\t\t\t\t\t\t\t\t<span class=\"elementor-icon-list-text\">Coffre-fort<\/span>\n\t\t\t\t\t\t\t\t\t<\/li>\n\t\t\t\t\t\t<\/ul>\n\t\t\t\t<\/div>\n\t\t\t\t<\/div>\n\t\t\t\t\t\t<\/div>\n\t\t\t\t\t<\/div>\n\t\t<\/div>\n\t\t\t\t<div class=\"elementor-column elementor-col-50 elementor-inner-column elementor-element elementor-element-725b866f\" data-id=\"725b866f\" data-element_type=\"column\">\n\t\t\t<div class=\"elementor-column-wrap elementor-element-populated\">\n\t\t\t\t\t\t\t<div class=\"elementor-widget-wrap\">\n\t\t\t\t\t\t<div class=\"elementor-element elementor-element-1e62b30d elementor-align-left elementor-icon-list--layout-traditional elementor-list-item-link-full_width elementor-widget elementor-widget-icon-list\" data-id=\"1e62b30d\" data-element_type=\"widget\" data-widget_type=\"icon-list.default\">\n\t\t\t\t<div class=\"elementor-widget-container\">\n\t\t\t\t\t<ul class=\"elementor-icon-list-items\">\n\t\t\t\t\t\t\t<li class=\"elementor-icon-list-item\">\n\t\t\t\t\t\t\t\t\t\t\t<span class=\"elementor-icon-list-icon\">\n\t\t\t\t\t\t\t<i aria-hidden=\"true\" class=\"fas fa-shower\"><\/i>\t\t\t\t\t\t<\/span>\n\t\t\t\t\t\t\t\t\t\t<span class=\"elementor-icon-list-text\">Douche<\/span>\n\t\t\t\t\t\t\t\t\t<\/li>\n\t\t\t\t\t\t\t\t<li class=\"elementor-icon-list-item\">\n\t\t\t\t\t\t\t\t\t\t\t<span class=\"elementor-icon-list-icon\">\n\t\t\t\t\t\t\t<i aria-hidden=\"true\" class=\"fas fa-pump-soap\"><\/i>\t\t\t\t\t\t<\/span>\n\t\t\t\t\t\t\t\t\t\t<span class=\"elementor-icon-list-text\">Salle de bain privative<\/span>\n\t\t\t\t\t\t\t\t\t<\/li>\n\t\t\t\t\t\t\t\t<li class=\"elementor-icon-list-item\">\n\t\t\t\t\t\t\t\t\t\t\t<span class=\"elementor-icon-list-icon\">\n\t\t\t\t\t\t\t<i aria-hidden=\"true\" class=\"fas fa-tv\"><\/i>\t\t\t\t\t\t<\/span>\n\t\t\t\t\t\t\t\t\t\t<span class=\"elementor-icon-list-text\">TV \u00e0 \u00e9cran plat<\/span>\n\t\t\t\t\t\t\t\t\t<\/li>\n\t\t\t\t\t\t\t\t<li class=\"elementor-icon-list-item\">\n\t\t\t\t\t\t\t\t\t\t\t<span class=\"elementor-icon-list-icon\">\n\t\t\t\t\t\t\t<i aria-hidden=\"true\" class=\"fas fa-female\"><\/i>\t\t\t\t\t\t<\/span>\n\t\t\t\t\t\t\t\t\t\t<span class=\"elementor-icon-list-text\">S\u00e8che-cheveux<\/span>\n\t\t\t\t\t\t\t\t\t<\/li>\n\t\t\t\t\t\t<\/ul>\n\t\t\t\t<\/div>\n\t\t\t\t<\/div>\n\t\t\t\t\t\t<\/div>\n\t\t\t\t\t<\/div>\n\t\t<\/div>\n\t\t\t\t\t\t\t\t<\/div>\n\t\t\t\t\t<\/div>\n\t\t<\/section>\n\t\t\t\t<div class=\"elementor-element elementor-element-3253d83b elementor-widget-divider--view-line elementor-widget elementor-widget-divider\" data-id=\"3253d83b\" data-element_type=\"widget\" data-widget_type=\"divider.default\">\n\t\t\t\t<div class=\"elementor-widget-container\">\n\t\t\t\t\t<div class=\"elementor-divider\">\n\t\t\t<span class=\"elementor-divider-separator\">\n\t\t\t\t\t\t<\/span>\n\t\t<\/div>\n\t\t\t\t<\/div>\n\t\t\t\t<\/div>\n\t\t\t\t\t\t<\/div>\n\t\t\t\t\t<\/div>\n\t\t<\/div>\n\t\t\t\t\t\t\t\t<\/div>\n\t\t\t\t\t<\/div>\n\t\t<\/section>\n\t\t\t\t<section class=\"elementor-section elementor-top-section elementor-element elementor-element-311f9511 elementor-section-full_width elementor-section-height-default elementor-section-height-default\" data-id=\"311f9511\" data-element_type=\"section\">\n\t\t\t\t\t\t<div class=\"elementor-container elementor-column-gap-default\">\n\t\t\t\t\t\t\t<div class=\"elementor-row\">\n\t\t\t\t\t<div class=\"elementor-column elementor-col-100 elementor-top-column elementor-element elementor-element-194e6871\" data-id=\"194e6871\" data-element_type=\"column\">\n\t\t\t<div class=\"elementor-column-wrap elementor-element-populated\">\n\t\t\t\t\t\t\t<div class=\"elementor-widget-wrap\">\n\t\t\t\t\t\t<div class=\"elementor-element elementor-element-c599378 elementor-widget elementor-widget-heading\" data-id=\"c599378\" data-element_type=\"widget\" data-widget_type=\"heading.default\">\n\t\t\t\t<div class=\"elementor-widget-container\">\n\t\t\t<h4 class=\"elementor-heading-title elementor-size-default\">Bienvenue, vous \u00eates chez vous<\/h4>\t\t<\/div>\n\t\t\t\t<\/div>\n\t\t\t\t<div class=\"elementor-element elementor-element-45497b18 elementor-widget elementor-widget-heading\" data-id=\"45497b18\" data-element_type=\"widget\" data-widget_type=\"heading.default\">\n\t\t\t\t<div class=\"elementor-widget-container\">\n\t\t\t<h3 class=\"elementor-heading-title elementor-size-default\">EXPLOREZ NOS<br>\nCHAMBRES & SUITES<\/h3>\t\t<\/div>\n\t\t\t\t<\/div>\n\t\t\t\t<div class=\"elementor-element elementor-element-5ca706e4 elementor-widget elementor-widget-text-editor\" data-id=\"5ca706e4\" data-element_type=\"widget\" data-widget_type=\"text-editor.default\">\n\t\t\t\t<div class=\"elementor-widget-container\">\n\t\t\t\t\t\t\t\t<div class=\"elementor-text-editor elementor-clearfix\">\n\t\t\t\t<p>Le Riad l\u2019Esprit des Patios vous pr\u00e9sente une collection de huit chambres ou suites, chacune exsudant son propre caract\u00e8re et son propre style, toutes avec des vues sur le charmant patio du Riad. En choisissant la cat\u00e9gorie de chambre qui correspond le mieux \u00e0 vos d\u00e9sirs et \u00e0 vos besoins, pr\u00e9parez-vous \u00e0 \u00eatre captiv\u00e9 par l\u2019exp\u00e9rience exceptionnelle qui vous attend dans l\u2019envo\u00fbtante ville de Marrakech.<\/p>\t\t\t\t\t<\/div>\n\t\t\t\t\t\t<\/div>\n\t\t\t\t<\/div>\n\t\t\t\t\t\t<\/div>\n\t\t\t\t\t<\/div>\n\t\t<\/div>\n\t\t\t\t\t\t\t\t<\/div>\n\t\t\t\t\t<\/div>\n\t\t<\/section>\n\t\t\t\t<section class=\"elementor-section elementor-top-section elementor-element elementor-element-1e13891d elementor-section-full_width elementor-section-height-default elementor-section-height-default\" data-id=\"1e13891d\" data-element_type=\"section\">\n\t\t\t\t\t\t<div class=\"elementor-container elementor-column-gap-default\">\n\t\t\t\t\t\t\t<div class=\"elementor-row\">\n\t\t\t\t\t<div class=\"elementor-column elementor-col-100 elementor-top-column elementor-element elementor-element-5c8c26cd\" data-id=\"5c8c26cd\" data-element_type=\"column\">\n\t\t\t<div class=\"elementor-column-wrap elementor-element-populated\">\n\t\t\t\t\t\t\t<div class=\"elementor-widget-wrap\">\n\t\t\t\t\t\t<div class=\"elementor-element elementor-element-2ad8d88 elementor-skin-carousel elementor-arrows-yes elementor-widget elementor-widget-media-carousel\" data-id=\"2ad8d88\" data-element_type=\"widget\" data-settings=\"{&quot;slides_per_view&quot;:&quot;3&quot;,&quot;slides_to_scroll&quot;:&quot;1&quot;,&quot;skin&quot;:&quot;carousel&quot;,&quot;effect&quot;:&quot;slide&quot;,&quot;show_arrows&quot;:&quot;yes&quot;,&quot;speed&quot;:500,&quot;autoplay&quot;:&quot;yes&quot;,&quot;autoplay_speed&quot;:5000,&quot;loop&quot;:&quot;yes&quot;,&quot;pause_on_hover&quot;:&quot;yes&quot;,&quot;pause_on_interaction&quot;:&quot;yes&quot;,&quot;space_between&quot;:{&quot;unit&quot;:&quot;px&quot;,&quot;size&quot;:10,&quot;sizes&quot;:[]},&quot;space_between_tablet&quot;:{&quot;unit&quot;:&quot;px&quot;,&quot;size&quot;:10,&quot;sizes&quot;:[]},&quot;space_between_mobile&quot;:{&quot;unit&quot;:&quot;px&quot;,&quot;size&quot;:10,&quot;sizes&quot;:[]}}\" data-widget_type=\"media-carousel.default\">\n\t\t\t\t<div class=\"elementor-widget-container\">\n\t\t\t\t\t<div class=\"elementor-swiper\">\n\t\t\t<div class=\"elementor-main-swiper swiper-container\">\n\t\t\t\t<div class=\"swiper-wrapper\">\n\t\t\t\t\t\t\t\t\t\t\t<div class=\"swiper-slide\">\n\t\t\t\t\t\t\t<a href=\"https:\/\/lespritdespatios.com\/fr\/room-suites\/junior-suite\/\">\t\t<div class=\"elementor-carousel-image\" role=\"img\" aria-label=\"Suite Junior\" style=\"background-image: url(&#039;https:\/\/lespritdespatios.com\/wp-content\/uploads\/2023\/05\/JuniorSuite_01.webp&#039;)\">\n\n\t\t\t\n\t\t\t\t\t<\/div>\n\t\t\t\t\t<div class=\"elementor-carousel-image-overlay e-overlay-animation-slide-up\">\n\t\t\t\tSuite Junior\t\t\t<\/div>\n\t\t\t<\/a>\t\t\t\t\t\t<\/div>\n\t\t\t\t\t\t\t\t\t\t\t<div class=\"swiper-slide\">\n\t\t\t\t\t\t\t<a href=\"https:\/\/lespritdespatios.com\/fr\/room-suites\/standard-double-room\/\">\t\t<div class=\"elementor-carousel-image\" role=\"img\" aria-label=\"chambre double standard\" style=\"background-image: url(&#039;https:\/\/lespritdespatios.com\/wp-content\/uploads\/2023\/05\/Standard_Double_01.webp&#039;)\">\n\n\t\t\t\n\t\t\t\t\t<\/div>\n\t\t\t\t\t<div class=\"elementor-carousel-image-overlay e-overlay-animation-slide-up\">\n\t\t\t\tchambre double standard\t\t\t<\/div>\n\t\t\t<\/a>\t\t\t\t\t\t<\/div>\n\t\t\t\t\t\t\t\t\t\t\t<div class=\"swiper-slide\">\n\t\t\t\t\t\t\t<a href=\"https:\/\/lespritdespatios.com\/fr\/room-suites\/superior-double-or-twin-room\/\">\t\t<div class=\"elementor-carousel-image\" role=\"img\" aria-label=\"chambre sup\u00e9rieure double ou twin\" style=\"background-image: url(&#039;https:\/\/lespritdespatios.com\/wp-content\/uploads\/2023\/05\/Superior_Double_01.webp&#039;)\">\n\n\t\t\t\n\t\t\t\t\t<\/div>\n\t\t\t\t\t<div class=\"elementor-carousel-image-overlay e-overlay-animation-slide-up\">\n\t\t\t\tchambre sup\u00e9rieure double ou twin\t\t\t<\/div>\n\t\t\t<\/a>\t\t\t\t\t\t<\/div>\n\t\t\t\t\t\t\t\t\t<\/div>\n\t\t\t\t\t\t\t\t\t\t\t\t\t\t\t\t\t\t\t\t<div class=\"elementor-swiper-button elementor-swiper-button-prev\" role=\"button\" tabindex=\"0\">\n\t\t\t\t\t\t\t<i aria-hidden=\"true\" class=\"eicon-chevron-left\"><\/i>\t\t\t\t\t\t\t<span class=\"elementor-screen-only\">Pr\u00e9c\u00e9dent<\/span>\n\t\t\t\t\t\t<\/div>\n\t\t\t\t\t\t<div class=\"elementor-swiper-button elementor-swiper-button-next\" role=\"button\" tabindex=\"0\">\n\t\t\t\t\t\t\t<i aria-hidden=\"true\" class=\"eicon-chevron-right\"><\/i>\t\t\t\t\t\t\t<span class=\"elementor-screen-only\">Suivant<\/span>\n\t\t\t\t\t\t<\/div>\n\t\t\t\t\t\t\t\t\t\t\t\t<\/div>\n\t\t<\/div>\n\t\t\t\t<\/div>\n\t\t\t\t<\/div>\n\t\t\t\t\t\t<\/div>\n\t\t\t\t\t<\/div>\n\t\t<\/div>\n\t\t\t\t\t\t\t\t<\/div>\n\t\t\t\t\t<\/div>\n\t\t<\/section>\n\t\t\t\t<section class=\"elementor-section elementor-top-section elementor-element elementor-element-1a65cfb2 elementor-section-full_width elementor-section-height-min-height elementor-section-height-default elementor-section-items-middle\" data-id=\"1a65cfb2\" data-element_type=\"section\" data-settings=\"{&quot;background_background&quot;:&quot;classic&quot;}\">\n\t\t\t\t\t\t\t<div class=\"elementor-background-overlay\"><\/div>\n\t\t\t\t\t\t\t<div class=\"elementor-container elementor-column-gap-default\">\n\t\t\t\t\t\t\t<div class=\"elementor-row\">\n\t\t\t\t\t<div class=\"elementor-column elementor-col-100 elementor-top-column elementor-element elementor-element-4563b42e\" data-id=\"4563b42e\" data-element_type=\"column\">\n\t\t\t<div class=\"elementor-column-wrap elementor-element-populated\">\n\t\t\t\t\t\t\t<div class=\"elementor-widget-wrap\">\n\t\t\t\t\t\t<div class=\"elementor-element elementor-element-2e8d9c74 elementor-widget elementor-widget-heading\" data-id=\"2e8d9c74\" data-element_type=\"widget\" data-widget_type=\"heading.default\">\n\t\t\t\t<div class=\"elementor-widget-container\">\n\t\t\t<h2 class=\"elementor-heading-title elementor-size-default\">Commencez votre voyage<\/h2>\t\t<\/div>\n\t\t\t\t<\/div>\n\t\t\t\t<div class=\"elementor-element elementor-element-14e5f105 elementor-widget elementor-widget-heading\" data-id=\"14e5f105\" data-element_type=\"widget\" data-widget_type=\"heading.default\">\n\t\t\t\t<div class=\"elementor-widget-container\">\n\t\t\t<h2 class=\"elementor-heading-title elementor-size-default\">R\u00e9servez votre s\u00e9jour avec nous directement avec les meilleurs tarifs disponibles<\/h2>\t\t<\/div>\n\t\t\t\t<\/div>\n\t\t\t\t<div class=\"elementor-element elementor-element-73245c1e elementor-align-center open-searchbox-01 elementor-widget elementor-widget-button\" data-id=\"73245c1e\" data-element_type=\"widget\" data-widget_type=\"button.default\">\n\t\t\t\t<div class=\"elementor-widget-container\">\n\t\t\t\t\t<div class=\"elementor-button-wrapper\">\n\t\t\t<a href=\"#\" class=\"elementor-button-link elementor-button elementor-size-md\" role=\"button\">\n\t\t\t\t\t\t<span class=\"elementor-button-content-wrapper\">\n\t\t\t\t\t\t<span class=\"elementor-button-text\">RESERVER EN LIGNE<\/span>\n\t\t<\/span>\n\t\t\t\t\t<\/a>\n\t\t<\/div>\n\t\t\t\t<\/div>\n\t\t\t\t<\/div>\n\t\t\t\t\t\t<\/div>\n\t\t\t\t\t<\/div>\n\t\t<\/div>\n\t\t\t\t\t\t\t\t<\/div>\n\t\t\t\t\t<\/div>\n\t\t<\/section>\n\t\t\t\t\t\t\t\t\t<\/div>\n\t\t\t<\/div>\n\t\t\t\t\t<\/div>\n\t\t","protected":false},"excerpt":{"rendered":"<p>V\u00e9rifiez la disponibilit\u00e9 DATE D&rsquo;ARRIV\u00c9EDATE DE D\u00c9PARTCODE PROMOR\u00c9SERVER \u2192 BOOK Now \u2192 Nos chambres doubles, \u00e9l\u00e9gamment nich\u00e9es au rez-de-chauss\u00e9e ou \u00e0 l&rsquo;\u00e9tage, sont toutes \u00e9quip\u00e9es d&rsquo;un luxueux et confortable lit double de 180 cm. Ces chambres, qui s&rsquo;ouvrent gracieusement sur le patio tranquille, offrent une atmosph\u00e8re de s\u00e9r\u00e9nit\u00e9 aux h\u00f4tes pour se d\u00e9tendre et se &#8230; <a title=\"Chambre Double Sup\u00e9rieure\" class=\"read-more\" href=\"https:\/\/lespritdespatios.com\/fr\/room-suites\/superior-double-room\/\" aria-label=\"En savoir plus sur Chambre Double Sup\u00e9rieure\">Lire la suite<\/a><\/p>\n","protected":false},"author":2,"featured_media":0,"parent":1532,"menu_order":0,"comment_status":"closed","ping_status":"closed","template":"elementor_header_footer","meta":{"om_disable_all_campaigns":false,"_monsterinsights_skip_tracking":false,"_monsterinsights_sitenote_active":false,"_monsterinsights_sitenote_note":"","_monsterinsights_sitenote_category":0,"footnotes":""},"class_list":["post-1538","page","type-page","status-publish"],"_links":{"self":[{"href":"https:\/\/lespritdespatios.com\/fr\/wp-json\/wp\/v2\/pages\/1538","targetHints":{"allow":["GET"]}}],"collection":[{"href":"https:\/\/lespritdespatios.com\/fr\/wp-json\/wp\/v2\/pages"}],"about":[{"href":"https:\/\/lespritdespatios.com\/fr\/wp-json\/wp\/v2\/types\/page"}],"author":[{"embeddable":true,"href":"https:\/\/lespritdespatios.com\/fr\/wp-json\/wp\/v2\/users\/2"}],"replies":[{"embeddable":true,"href":"https:\/\/lespritdespatios.com\/fr\/wp-json\/wp\/v2\/comments?post=1538"}],"version-history":[{"count":19,"href":"https:\/\/lespritdespatios.com\/fr\/wp-json\/wp\/v2\/pages\/1538\/revisions"}],"predecessor-version":[{"id":1673,"href":"https:\/\/lespritdespatios.com\/fr\/wp-json\/wp\/v2\/pages\/1538\/revisions\/1673"}],"up":[{"embeddable":true,"href":"https:\/\/lespritdespatios.com\/fr\/wp-json\/wp\/v2\/pages\/1532"}],"wp:attachment":[{"href":"https:\/\/lespritdespatios.com\/fr\/wp-json\/wp\/v2\/media?parent=1538"}],"curies":[{"name":"wp","href":"https:\/\/api.w.org\/{rel}","templated":true}]}}